{"id":445,"date":"2023-05-04T11:48:59","date_gmt":"2023-05-04T09:48:59","guid":{"rendered":"https:\/\/www.alescocapelli.it\/prodotto\/alesco-stress-shampoo\/"},"modified":"2023-06-18T23:42:55","modified_gmt":"2023-06-18T21:42:55","slug":"alesco-stress-shampoo","status":"publish","type":"product","link":"https:\/\/www.alescocapelli.it\/en\/prodotti-per-capelli\/shampoo\/shampoo-antiossidante\/alesco-stress-shampoo\/","title":{"rendered":"Shampoo Stress"},"content":{"rendered":"<h2>Il detergente per capelli attivo contro i radicali liberi<\/h2>\n<p>La nostra cute \u00e8 quotidianamente esposta ai radicali liberi che, se non contrastati in modo efficace, ne provocano l\u2019ossidazione e ne modificano chimicamente le propriet\u00e0, colore e odore. Per porre rimedio a questo disturbo, Alesco propone lo <strong>shampoo per capelli stressati<\/strong>.<\/p>\n<h3><strong>Quando \u00e8 indicato?<\/strong><\/h3>\n<p>Non adatto per i bambini, Alesco propone uno <strong>shampoo per capelli stressati adatto come coadiuvante anticaduta<\/strong>, da applicare in associazione o in alternativa allo <a href=\"https:\/\/www.alescocapelli.it\/prodotti-per-capelli\/shampoo\/shampoo-energy-alesco\/\">Shampoo Energy<\/a>. Il prodotto, infatti, \u00e8 una fonte di antiossidanti esogeni a supporto di quelli che il nostro corpo possiede o dovrebbe possedere. Proprio per questo motivo, il suo impiego \u00e8 indicato per:<\/p>\n<ul>\n<li>Fumatori (svolge un&#8217;azione riequilibrante e &#8220;purificatrice&#8221;)<\/li>\n<li>Persone che soffrono di stress o che vivono in zone inquinate<\/li>\n<\/ul>\n<p>Il suo utilizzo su questa tipologia di clienti sar\u00e0 in grado di rendere i capelli molto pi\u00f9 morbidi e soffici anche sulle lunghezze.<\/p>\n<h3><strong>Ogni quanto si deve applicare?<\/strong><\/h3>\n<p>Quello qui proposto \u00e8 uno <strong>shampoo per capelli stressati da utilizzarsi non pi\u00f9 di 3 volte a settimana<\/strong>. Nel caso in cui si abbia necessit\u00e0 di impiegarlo pi\u00f9 frequentemente, sar\u00e0 necessario alternarlo con lo <a href=\"https:\/\/www.alescocapelli.it\/prodotti-per-capelli\/shampoo\/shampoo-riequilibrante\/\">Shampoo Riequilibrante<\/a> o, in alcuni casi, con lo <a href=\"https:\/\/www.alescocapelli.it\/prodotti-per-capelli\/shampoo\/shampoo-capelli-grassi\/\">Shampoo per Capelli Grassi<\/a> (se in presenza di seborrea con stress ossidativo) o, in alternativa, con lo <a href=\"https:\/\/www.alescocapelli.it\/prodotti-per-capelli\/shampoo\/shampoo-capelli-con-forfora\/\">Shampoo per capelli con forfora<\/a> (in presenza di desquamazione).<\/p>\n","protected":false},"excerpt":{"rendered":"<h3 style=\"text-align: justify;\">LOREM IPSUM DOLOR SIT AMET.<\/h3>\n","protected":false},"featured_media":446,"template":"","meta":[],"product_cat":[50,57,46,39],"product_tag":[],"acf":[],"yoast_head":"<!-- This site is optimized with the Yoast SEO plugin v20.9 - https:\/\/yoast.com\/wordpress\/plugins\/seo\/ -->\n<title>Shampoo Stress - Alesco Capelli<\/title>\n<meta name=\"description\" content=\"Shampoo Stress Alesco Capelli per combattere i radicali liberi. Scopri le propriet\u00e0 di questo detergente per capelli!\" \/>\n<meta name=\"robots\" content=\"index, follow, max-snippet:-1, max-image-preview:large, max-video-preview:-1\" \/>\n<link rel=\"canonical\" href=\"https:\/\/www.alescocapelli.it\/en\/prodotti-per-capelli\/shampoo\/shampoo-antiossidante\/alesco-stress-shampoo\/\" \/>\n<meta property=\"og:locale\" content=\"en_US\" \/>\n<meta property=\"og:type\" content=\"article\" \/>\n<meta property=\"og:title\" content=\"Shampoo Stress - Alesco Capelli\" \/>\n<meta property=\"og:description\" content=\"Shampoo Stress Alesco Capelli per combattere i radicali liberi. Scopri le propriet\u00e0 di questo detergente per capelli!\" \/>\n<meta property=\"og:url\" content=\"https:\/\/www.alescocapelli.it\/en\/prodotti-per-capelli\/shampoo\/shampoo-antiossidante\/alesco-stress-shampoo\/\" \/>\n<meta property=\"og:site_name\" content=\"Alesco Capelli\" \/>\n<meta property=\"article:modified_time\" content=\"2023-06-18T21:42:55+00:00\" \/>\n<meta property=\"og:image\" content=\"https:\/\/www.alescocapelli.it\/wp-content\/uploads\/2023\/05\/Shampoo-stress-Alesco.png\" \/>\n\t<meta property=\"og:image:width\" content=\"426\" \/>\n\t<meta property=\"og:image:height\" content=\"426\" \/>\n\t<meta property=\"og:image:type\" content=\"image\/png\" \/>\n<meta name=\"twitter:label1\" content=\"Est. reading time\" \/>\n\t<meta name=\"twitter:data1\" content=\"2 minutes\" \/>\n<script type=\"application\/ld+json\" class=\"yoast-schema-graph\">{\"@context\":\"https:\/\/schema.org\",\"@graph\":[{\"@type\":\"WebPage\",\"@id\":\"https:\/\/www.alescocapelli.it\/en\/prodotti-per-capelli\/shampoo\/shampoo-antiossidante\/alesco-stress-shampoo\/\",\"url\":\"https:\/\/www.alescocapelli.it\/en\/prodotti-per-capelli\/shampoo\/shampoo-antiossidante\/alesco-stress-shampoo\/\",\"name\":\"Shampoo Stress - Alesco Capelli\",\"isPartOf\":{\"@id\":\"https:\/\/www.alescocapelli.it\/en\/#website\"},\"datePublished\":\"2023-05-04T09:48:59+00:00\",\"dateModified\":\"2023-06-18T21:42:55+00:00\",\"description\":\"Shampoo Stress Alesco Capelli per combattere i radicali liberi. Scopri le propriet\u00e0 di questo detergente per capelli!\",\"breadcrumb\":{\"@id\":\"https:\/\/www.alescocapelli.it\/en\/prodotti-per-capelli\/shampoo\/shampoo-antiossidante\/alesco-stress-shampoo\/#breadcrumb\"},\"inLanguage\":\"en-US\",\"potentialAction\":[{\"@type\":\"ReadAction\",\"target\":[\"https:\/\/www.alescocapelli.it\/en\/prodotti-per-capelli\/shampoo\/shampoo-antiossidante\/alesco-stress-shampoo\/\"]}]},{\"@type\":\"BreadcrumbList\",\"@id\":\"https:\/\/www.alescocapelli.it\/en\/prodotti-per-capelli\/shampoo\/shampoo-antiossidante\/alesco-stress-shampoo\/#breadcrumb\",\"itemListElement\":[{\"@type\":\"ListItem\",\"position\":1,\"name\":\"Shop\",\"item\":\"https:\/\/www.alescocapelli.it\/en\/shop\/\"},{\"@type\":\"ListItem\",\"position\":2,\"name\":\"Shampoo Stress\"}]},{\"@type\":\"WebSite\",\"@id\":\"https:\/\/www.alescocapelli.it\/en\/#website\",\"url\":\"https:\/\/www.alescocapelli.it\/en\/\",\"name\":\"Alesco Capelli\",\"description\":\"\",\"publisher\":{\"@id\":\"https:\/\/www.alescocapelli.it\/en\/#organization\"},\"potentialAction\":[{\"@type\":\"SearchAction\",\"target\":{\"@type\":\"EntryPoint\",\"urlTemplate\":\"https:\/\/www.alescocapelli.it\/en\/?s={search_term_string}\"},\"query-input\":\"required name=search_term_string\"}],\"inLanguage\":\"en-US\"},{\"@type\":\"Organization\",\"@id\":\"https:\/\/www.alescocapelli.it\/en\/#organization\",\"name\":\"Alesco Capelli\",\"url\":\"https:\/\/www.alescocapelli.it\/en\/\",\"logo\":{\"@type\":\"ImageObject\",\"inLanguage\":\"en-US\",\"@id\":\"https:\/\/www.alescocapelli.it\/en\/#\/schema\/logo\/image\/\",\"url\":\"https:\/\/www.alescocapelli.it\/wp-content\/uploads\/2023\/04\/logo_alesco-1.png\",\"contentUrl\":\"https:\/\/www.alescocapelli.it\/wp-content\/uploads\/2023\/04\/logo_alesco-1.png\",\"width\":135,\"height\":135,\"caption\":\"Alesco Capelli\"},\"image\":{\"@id\":\"https:\/\/www.alescocapelli.it\/en\/#\/schema\/logo\/image\/\"}}]}<\/script>\n<!-- \/ Yoast SEO plugin. -->","yoast_head_json":{"title":"Shampoo Stress - Alesco Capelli","description":"Shampoo Stress Alesco Capelli per combattere i radicali liberi. Scopri le propriet\u00e0 di questo detergente per capelli!","robots":{"index":"index","follow":"follow","max-snippet":"max-snippet:-1","max-image-preview":"max-image-preview:large","max-video-preview":"max-video-preview:-1"},"canonical":"https:\/\/www.alescocapelli.it\/en\/prodotti-per-capelli\/shampoo\/shampoo-antiossidante\/alesco-stress-shampoo\/","og_locale":"en_US","og_type":"article","og_title":"Shampoo Stress - Alesco Capelli","og_description":"Shampoo Stress Alesco Capelli per combattere i radicali liberi. Scopri le propriet\u00e0 di questo detergente per capelli!","og_url":"https:\/\/www.alescocapelli.it\/en\/prodotti-per-capelli\/shampoo\/shampoo-antiossidante\/alesco-stress-shampoo\/","og_site_name":"Alesco Capelli","article_modified_time":"2023-06-18T21:42:55+00:00","og_image":[{"width":426,"height":426,"url":"https:\/\/www.alescocapelli.it\/wp-content\/uploads\/2023\/05\/Shampoo-stress-Alesco.png","type":"image\/png"}],"twitter_misc":{"Est. reading time":"2 minutes"},"schema":{"@context":"https:\/\/schema.org","@graph":[{"@type":"WebPage","@id":"https:\/\/www.alescocapelli.it\/en\/prodotti-per-capelli\/shampoo\/shampoo-antiossidante\/alesco-stress-shampoo\/","url":"https:\/\/www.alescocapelli.it\/en\/prodotti-per-capelli\/shampoo\/shampoo-antiossidante\/alesco-stress-shampoo\/","name":"Shampoo Stress - Alesco Capelli","isPartOf":{"@id":"https:\/\/www.alescocapelli.it\/en\/#website"},"datePublished":"2023-05-04T09:48:59+00:00","dateModified":"2023-06-18T21:42:55+00:00","description":"Shampoo Stress Alesco Capelli per combattere i radicali liberi. Scopri le propriet\u00e0 di questo detergente per capelli!","breadcrumb":{"@id":"https:\/\/www.alescocapelli.it\/en\/prodotti-per-capelli\/shampoo\/shampoo-antiossidante\/alesco-stress-shampoo\/#breadcrumb"},"inLanguage":"en-US","potentialAction":[{"@type":"ReadAction","target":["https:\/\/www.alescocapelli.it\/en\/prodotti-per-capelli\/shampoo\/shampoo-antiossidante\/alesco-stress-shampoo\/"]}]},{"@type":"BreadcrumbList","@id":"https:\/\/www.alescocapelli.it\/en\/prodotti-per-capelli\/shampoo\/shampoo-antiossidante\/alesco-stress-shampoo\/#breadcrumb","itemListElement":[{"@type":"ListItem","position":1,"name":"Shop","item":"https:\/\/www.alescocapelli.it\/en\/shop\/"},{"@type":"ListItem","position":2,"name":"Shampoo Stress"}]},{"@type":"WebSite","@id":"https:\/\/www.alescocapelli.it\/en\/#website","url":"https:\/\/www.alescocapelli.it\/en\/","name":"Alesco Capelli","description":"","publisher":{"@id":"https:\/\/www.alescocapelli.it\/en\/#organization"},"potentialAction":[{"@type":"SearchAction","target":{"@type":"EntryPoint","urlTemplate":"https:\/\/www.alescocapelli.it\/en\/?s={search_term_string}"},"query-input":"required name=search_term_string"}],"inLanguage":"en-US"},{"@type":"Organization","@id":"https:\/\/www.alescocapelli.it\/en\/#organization","name":"Alesco Capelli","url":"https:\/\/www.alescocapelli.it\/en\/","logo":{"@type":"ImageObject","inLanguage":"en-US","@id":"https:\/\/www.alescocapelli.it\/en\/#\/schema\/logo\/image\/","url":"https:\/\/www.alescocapelli.it\/wp-content\/uploads\/2023\/04\/logo_alesco-1.png","contentUrl":"https:\/\/www.alescocapelli.it\/wp-content\/uploads\/2023\/04\/logo_alesco-1.png","width":135,"height":135,"caption":"Alesco Capelli"},"image":{"@id":"https:\/\/www.alescocapelli.it\/en\/#\/schema\/logo\/image\/"}}]}},"_links":{"self":[{"href":"https:\/\/www.alescocapelli.it\/en\/wp-json\/wp\/v2\/product\/445"}],"collection":[{"href":"https:\/\/www.alescocapelli.it\/en\/wp-json\/wp\/v2\/product"}],"about":[{"href":"https:\/\/www.alescocapelli.it\/en\/wp-json\/wp\/v2\/types\/product"}],"wp:featuredmedia":[{"embeddable":true,"href":"https:\/\/www.alescocapelli.it\/en\/wp-json\/wp\/v2\/media\/446"}],"wp:attachment":[{"href":"https:\/\/www.alescocapelli.it\/en\/wp-json\/wp\/v2\/media?parent=445"}],"wp:term":[{"taxonomy":"product_cat","embeddable":true,"href":"https:\/\/www.alescocapelli.it\/en\/wp-json\/wp\/v2\/product_cat?post=445"},{"taxonomy":"product_tag","embeddable":true,"href":"https:\/\/www.alescocapelli.it\/en\/wp-json\/wp\/v2\/product_tag?post=445"}],"curies":[{"name":"wp","href":"https:\/\/api.w.org\/{rel}","templated":true}]}}