{"id":466,"date":"2023-05-04T11:48:59","date_gmt":"2023-05-04T09:48:59","guid":{"rendered":"https:\/\/www.alescocapelli.it\/prodotto\/kit-shampoo-capelli-grassi-shampoo-riequilibrante\/"},"modified":"2023-11-30T17:32:15","modified_gmt":"2023-11-30T16:32:15","slug":"kit-shampoo-capelli-grassi-shampoo-riequilibrante","status":"publish","type":"product","link":"https:\/\/www.alescocapelli.it\/en\/prodotti-per-capelli\/shampoo\/kit-shampoo-capelli-grassi-shampoo-riequilibrante\/","title":{"rendered":"KIT Shampoo Capelli Grassi + Shampoo Riequilibrante"},"content":{"rendered":"<p>In un\u2019unica combinazione appositamente studiata trovi due shampoo indicati per rivitalizzare e rinforzare i capelli, combattendo anche il problema del sebo in eccesso. Due prodotti di altissima qualit\u00e0 che rendono i tuoi capelli pi\u00f9 sani e forti, contrastando gli inestetismi del cuoio capelluto, anche nel caso di lavaggi frequenti.<\/p>\n<h3>Due shampoo per combattere gli inestetismi e dare freschezza ai capelli<\/h3>\n<p>Con il Kit Shampoo \u00e8 possibile avere due prodotti specifici per il lavaggio dei capelli. Lo\u00a0<a href=\"https:\/\/www.alescocapelli.it\/prodotti-per-capelli\/shampoo\/shampoo-capelli-grassi\/shampoo-capelli-grassi\/\">Shampoo Capelli Grassi<\/a>\u00a0\u00e8 studiato per combattere la fastidiosa sensazione data da un cuoio capelluto untuoso. Grazie alla sua formulazione specifica, \u00e8 adatto a diverse tipologie di capelli grassi, perch\u00e9 consente di rimuovere untuosit\u00e0 e impurit\u00e0, riequilibrando la produzione di sebo (sia in caso di sebo denso che fluido). Pu\u00f2 essere applicato fino a 3 volte a settimana; in caso di lavaggi pi\u00f9 frequenti, pu\u00f2 essere alternato con lo shampoo riequilibrante, proposto nello stesso kit.<\/p>\n<p>Lo\u00a0<a href=\"https:\/\/www.alescocapelli.it\/prodotti-per-capelli\/shampoo\/shampoo-riequilibrante\/shampoo-riequilibrante\/\">Shampoo Riequilibrante<\/a> \u00e8 adatto a tutti, ed \u00e8 la soluzione ideale per combattere tanti diversi inestetismi del cuoio capelluto anche in estate, quando i lavaggi si fanno pi\u00f9 frequenti. \u00c8 infatti\u00a0uno shampoo particolarmente leggero\u00a0che contiene sostanze dermo-compatibili.<\/p>\n<p>&nbsp;<\/p>\n","protected":false},"excerpt":{"rendered":"<p>In un\u2019unica combinazione appositamente studiata trovi due shampoo indicati per rivitalizzare e rinforzare i capelli, combattendo anche il problema del sebo in eccesso. Due prodotti di altissima qualit\u00e0 che rendono i tuoi capelli pi\u00f9 sani e forti, contrastando gli inestetismi del cuoio capelluto, anche nel caso di lavaggi frequenti. Due shampoo per combattere gli inestetismi [&hellip;]<\/p>\n","protected":false},"featured_media":467,"template":"","meta":[],"product_cat":[50],"product_tag":[],"acf":[],"yoast_head":"<!-- This site is optimized with the Yoast SEO plugin v20.9 - https:\/\/yoast.com\/wordpress\/plugins\/seo\/ -->\n<title>KIT Shampoo Capelli Grassi + Shampoo Riequilibrante - Alesco Capelli<\/title>\n<meta name=\"description\" content=\"Scopri le promozioni di Alesco per la Black Week: sconti eccezionali su prodotti per capelli di grande qualit\u00e0. Visita il sito!\" \/>\n<meta name=\"robots\" content=\"index, follow, max-snippet:-1, max-image-preview:large, max-video-preview:-1\" \/>\n<link rel=\"canonical\" href=\"https:\/\/www.alescocapelli.it\/en\/prodotti-per-capelli\/shampoo\/kit-shampoo-capelli-grassi-shampoo-riequilibrante\/\" \/>\n<meta property=\"og:locale\" content=\"en_US\" \/>\n<meta property=\"og:type\" content=\"article\" \/>\n<meta property=\"og:title\" content=\"KIT Shampoo Capelli Grassi + Shampoo Riequilibrante - Alesco Capelli\" \/>\n<meta property=\"og:description\" content=\"Scopri le promozioni di Alesco per la Black Week: sconti eccezionali su prodotti per capelli di grande qualit\u00e0. Visita il sito!\" \/>\n<meta property=\"og:url\" content=\"https:\/\/www.alescocapelli.it\/en\/prodotti-per-capelli\/shampoo\/kit-shampoo-capelli-grassi-shampoo-riequilibrante\/\" \/>\n<meta property=\"og:site_name\" content=\"Alesco Capelli\" \/>\n<meta property=\"article:modified_time\" content=\"2023-11-30T16:32:15+00:00\" \/>\n<meta property=\"og:image\" content=\"https:\/\/www.alescocapelli.it\/wp-content\/uploads\/2023\/05\/offerta-black-friday-shampoo-grassi-riequilibrante.jpg\" \/>\n\t<meta property=\"og:image:width\" content=\"270\" \/>\n\t<meta property=\"og:image:height\" content=\"270\" \/>\n\t<meta property=\"og:image:type\" content=\"image\/jpeg\" \/>\n<meta name=\"twitter:label1\" content=\"Est. reading time\" \/>\n\t<meta name=\"twitter:data1\" content=\"2 minutes\" \/>\n<script type=\"application\/ld+json\" class=\"yoast-schema-graph\">{\"@context\":\"https:\/\/schema.org\",\"@graph\":[{\"@type\":\"WebPage\",\"@id\":\"https:\/\/www.alescocapelli.it\/en\/prodotti-per-capelli\/shampoo\/kit-shampoo-capelli-grassi-shampoo-riequilibrante\/\",\"url\":\"https:\/\/www.alescocapelli.it\/en\/prodotti-per-capelli\/shampoo\/kit-shampoo-capelli-grassi-shampoo-riequilibrante\/\",\"name\":\"KIT Shampoo Capelli Grassi + Shampoo Riequilibrante - Alesco Capelli\",\"isPartOf\":{\"@id\":\"https:\/\/www.alescocapelli.it\/en\/#website\"},\"datePublished\":\"2023-05-04T09:48:59+00:00\",\"dateModified\":\"2023-11-30T16:32:15+00:00\",\"description\":\"Scopri le promozioni di Alesco per la Black Week: sconti eccezionali su prodotti per capelli di grande qualit\u00e0. Visita il sito!\",\"breadcrumb\":{\"@id\":\"https:\/\/www.alescocapelli.it\/en\/prodotti-per-capelli\/shampoo\/kit-shampoo-capelli-grassi-shampoo-riequilibrante\/#breadcrumb\"},\"inLanguage\":\"en-US\",\"potentialAction\":[{\"@type\":\"ReadAction\",\"target\":[\"https:\/\/www.alescocapelli.it\/en\/prodotti-per-capelli\/shampoo\/kit-shampoo-capelli-grassi-shampoo-riequilibrante\/\"]}]},{\"@type\":\"BreadcrumbList\",\"@id\":\"https:\/\/www.alescocapelli.it\/en\/prodotti-per-capelli\/shampoo\/kit-shampoo-capelli-grassi-shampoo-riequilibrante\/#breadcrumb\",\"itemListElement\":[{\"@type\":\"ListItem\",\"position\":1,\"name\":\"Shop\",\"item\":\"https:\/\/www.alescocapelli.it\/en\/shop\/\"},{\"@type\":\"ListItem\",\"position\":2,\"name\":\"KIT Shampoo Capelli Grassi + Shampoo Riequilibrante\"}]},{\"@type\":\"WebSite\",\"@id\":\"https:\/\/www.alescocapelli.it\/en\/#website\",\"url\":\"https:\/\/www.alescocapelli.it\/en\/\",\"name\":\"Alesco Capelli\",\"description\":\"\",\"publisher\":{\"@id\":\"https:\/\/www.alescocapelli.it\/en\/#organization\"},\"potentialAction\":[{\"@type\":\"SearchAction\",\"target\":{\"@type\":\"EntryPoint\",\"urlTemplate\":\"https:\/\/www.alescocapelli.it\/en\/?s={search_term_string}\"},\"query-input\":\"required name=search_term_string\"}],\"inLanguage\":\"en-US\"},{\"@type\":\"Organization\",\"@id\":\"https:\/\/www.alescocapelli.it\/en\/#organization\",\"name\":\"Alesco Capelli\",\"url\":\"https:\/\/www.alescocapelli.it\/en\/\",\"logo\":{\"@type\":\"ImageObject\",\"inLanguage\":\"en-US\",\"@id\":\"https:\/\/www.alescocapelli.it\/en\/#\/schema\/logo\/image\/\",\"url\":\"https:\/\/www.alescocapelli.it\/wp-content\/uploads\/2023\/04\/logo_alesco-1.png\",\"contentUrl\":\"https:\/\/www.alescocapelli.it\/wp-content\/uploads\/2023\/04\/logo_alesco-1.png\",\"width\":135,\"height\":135,\"caption\":\"Alesco Capelli\"},\"image\":{\"@id\":\"https:\/\/www.alescocapelli.it\/en\/#\/schema\/logo\/image\/\"}}]}<\/script>\n<!-- \/ Yoast SEO plugin. -->","yoast_head_json":{"title":"KIT Shampoo Capelli Grassi + Shampoo Riequilibrante - Alesco Capelli","description":"Scopri le promozioni di Alesco per la Black Week: sconti eccezionali su prodotti per capelli di grande qualit\u00e0. Visita il sito!","robots":{"index":"index","follow":"follow","max-snippet":"max-snippet:-1","max-image-preview":"max-image-preview:large","max-video-preview":"max-video-preview:-1"},"canonical":"https:\/\/www.alescocapelli.it\/en\/prodotti-per-capelli\/shampoo\/kit-shampoo-capelli-grassi-shampoo-riequilibrante\/","og_locale":"en_US","og_type":"article","og_title":"KIT Shampoo Capelli Grassi + Shampoo Riequilibrante - Alesco Capelli","og_description":"Scopri le promozioni di Alesco per la Black Week: sconti eccezionali su prodotti per capelli di grande qualit\u00e0. Visita il sito!","og_url":"https:\/\/www.alescocapelli.it\/en\/prodotti-per-capelli\/shampoo\/kit-shampoo-capelli-grassi-shampoo-riequilibrante\/","og_site_name":"Alesco Capelli","article_modified_time":"2023-11-30T16:32:15+00:00","og_image":[{"width":270,"height":270,"url":"https:\/\/www.alescocapelli.it\/wp-content\/uploads\/2023\/05\/offerta-black-friday-shampoo-grassi-riequilibrante.jpg","type":"image\/jpeg"}],"twitter_misc":{"Est. reading time":"2 minutes"},"schema":{"@context":"https:\/\/schema.org","@graph":[{"@type":"WebPage","@id":"https:\/\/www.alescocapelli.it\/en\/prodotti-per-capelli\/shampoo\/kit-shampoo-capelli-grassi-shampoo-riequilibrante\/","url":"https:\/\/www.alescocapelli.it\/en\/prodotti-per-capelli\/shampoo\/kit-shampoo-capelli-grassi-shampoo-riequilibrante\/","name":"KIT Shampoo Capelli Grassi + Shampoo Riequilibrante - Alesco Capelli","isPartOf":{"@id":"https:\/\/www.alescocapelli.it\/en\/#website"},"datePublished":"2023-05-04T09:48:59+00:00","dateModified":"2023-11-30T16:32:15+00:00","description":"Scopri le promozioni di Alesco per la Black Week: sconti eccezionali su prodotti per capelli di grande qualit\u00e0. Visita il sito!","breadcrumb":{"@id":"https:\/\/www.alescocapelli.it\/en\/prodotti-per-capelli\/shampoo\/kit-shampoo-capelli-grassi-shampoo-riequilibrante\/#breadcrumb"},"inLanguage":"en-US","potentialAction":[{"@type":"ReadAction","target":["https:\/\/www.alescocapelli.it\/en\/prodotti-per-capelli\/shampoo\/kit-shampoo-capelli-grassi-shampoo-riequilibrante\/"]}]},{"@type":"BreadcrumbList","@id":"https:\/\/www.alescocapelli.it\/en\/prodotti-per-capelli\/shampoo\/kit-shampoo-capelli-grassi-shampoo-riequilibrante\/#breadcrumb","itemListElement":[{"@type":"ListItem","position":1,"name":"Shop","item":"https:\/\/www.alescocapelli.it\/en\/shop\/"},{"@type":"ListItem","position":2,"name":"KIT Shampoo Capelli Grassi + Shampoo Riequilibrante"}]},{"@type":"WebSite","@id":"https:\/\/www.alescocapelli.it\/en\/#website","url":"https:\/\/www.alescocapelli.it\/en\/","name":"Alesco Capelli","description":"","publisher":{"@id":"https:\/\/www.alescocapelli.it\/en\/#organization"},"potentialAction":[{"@type":"SearchAction","target":{"@type":"EntryPoint","urlTemplate":"https:\/\/www.alescocapelli.it\/en\/?s={search_term_string}"},"query-input":"required name=search_term_string"}],"inLanguage":"en-US"},{"@type":"Organization","@id":"https:\/\/www.alescocapelli.it\/en\/#organization","name":"Alesco Capelli","url":"https:\/\/www.alescocapelli.it\/en\/","logo":{"@type":"ImageObject","inLanguage":"en-US","@id":"https:\/\/www.alescocapelli.it\/en\/#\/schema\/logo\/image\/","url":"https:\/\/www.alescocapelli.it\/wp-content\/uploads\/2023\/04\/logo_alesco-1.png","contentUrl":"https:\/\/www.alescocapelli.it\/wp-content\/uploads\/2023\/04\/logo_alesco-1.png","width":135,"height":135,"caption":"Alesco Capelli"},"image":{"@id":"https:\/\/www.alescocapelli.it\/en\/#\/schema\/logo\/image\/"}}]}},"_links":{"self":[{"href":"https:\/\/www.alescocapelli.it\/en\/wp-json\/wp\/v2\/product\/466"}],"collection":[{"href":"https:\/\/www.alescocapelli.it\/en\/wp-json\/wp\/v2\/product"}],"about":[{"href":"https:\/\/www.alescocapelli.it\/en\/wp-json\/wp\/v2\/types\/product"}],"wp:featuredmedia":[{"embeddable":true,"href":"https:\/\/www.alescocapelli.it\/en\/wp-json\/wp\/v2\/media\/467"}],"wp:attachment":[{"href":"https:\/\/www.alescocapelli.it\/en\/wp-json\/wp\/v2\/media?parent=466"}],"wp:term":[{"taxonomy":"product_cat","embeddable":true,"href":"https:\/\/www.alescocapelli.it\/en\/wp-json\/wp\/v2\/product_cat?post=466"},{"taxonomy":"product_tag","embeddable":true,"href":"https:\/\/www.alescocapelli.it\/en\/wp-json\/wp\/v2\/product_tag?post=466"}],"curies":[{"name":"wp","href":"https:\/\/api.w.org\/{rel}","templated":true}]}}